{"id":53,"date":"2024-09-23T09:48:21","date_gmt":"2024-09-23T09:48:21","guid":{"rendered":"https:\/\/shop.plekvetica.ch\/?post_type=product&#038;p=53"},"modified":"2025-06-27T19:58:26","modified_gmt":"2025-06-27T19:58:26","slug":"muetze-unisex-mit-plekvetica-logo","status":"publish","type":"product","link":"https:\/\/shop.plekvetica.ch\/en\/product\/muetze-unisex-mit-plekvetica-logo\/","title":{"rendered":"Hat with Plekvetica logo"},"content":{"rendered":"<div class=\"fx responsive\">\n<div class=\"detail_page_specification__JUfBk\">\n<p>Hat \/ rap cap made of 100% cotton with embroidered Plekvetica logo<br \/>\n<span style=\"font-size: inherit;\">Five-Panel construction with reinforced front panel and embroidered air holes.<br \/>\nUnisex, size adjustable with plastic buckle. Removable sticker on the screen<\/span><\/p>\n<\/div>\n<div class=\"detail_page_description__y8+1a\">\n<p>Note: The image is a Mockup. The finished product can differ from the shown product.<\/p>\n<\/div>\n<\/div>","protected":false},"excerpt":{"rendered":"<p>M\u00fctze \/ Rapcap aus 100 % Baumwolle mit gesticktem Plekvetica Logo F\u00fcnf-Panel-Schnitt mit verst\u00e4rktem Frontpanel und gestickten Luftl\u00f6cher. Unisex, Gr\u00f6\u00dfe verstellbar durch Kunststoffverschluss. Abnehmbarer Aufkleber auf dem Schirm Hinweis: Beim Bild handelt es sich um ein Mockup. Das fertige Produkt kann vom hier gezeigte Produkt leicht abweichen.<\/p>","protected":false},"featured_media":154,"comment_status":"closed","ping_status":"closed","template":"","meta":[],"location":[25,24],"product_brand":[],"product_cat":[18],"product_tag":[],"class_list":{"0":"post-53","1":"product","2":"type-product","3":"status-publish","4":"has-post-thumbnail","6":"location-finland","7":"location-uebeschi","8":"product_cat-kleider","10":"first","11":"instock","12":"taxable","13":"shipping-taxable","14":"purchasable","15":"product-type-simple"},"exclude_global_add_ons":[],"addons":[],"yoast_head":"<!-- This site is optimized with the Yoast SEO plugin v27.3 - https:\/\/yoast.com\/product\/yoast-seo-wordpress\/ -->\n<title>M\u00fctze mit Plekvetica Logo - Plekvetica Merch Store<\/title>\n<meta name=\"robots\" content=\"index, follow, max-snippet:-1, max-image-preview:large, max-video-preview:-1\" \/>\n<link rel=\"canonical\" href=\"https:\/\/shop.plekvetica.ch\/en\/product\/muetze-unisex-mit-plekvetica-logo\/\" \/>\n<meta property=\"og:locale\" content=\"en_GB\" \/>\n<meta property=\"og:type\" content=\"article\" \/>\n<meta property=\"og:title\" content=\"M\u00fctze mit Plekvetica Logo - Plekvetica Merch Store\" \/>\n<meta property=\"og:description\" content=\"M\u00fctze \/ Rapcap aus 100 % Baumwolle mit gesticktem Plekvetica Logo F\u00fcnf-Panel-Schnitt mit verst\u00e4rktem Frontpanel und gestickten Luftl\u00f6cher. Unisex, Gr\u00f6\u00dfe verstellbar durch Kunststoffverschluss. Abnehmbarer Aufkleber auf dem Schirm Hinweis: Beim Bild handelt es sich um ein Mockup. Das fertige Produkt kann vom hier gezeigte Produkt leicht abweichen.\" \/>\n<meta property=\"og:url\" content=\"https:\/\/shop.plekvetica.ch\/en\/product\/muetze-unisex-mit-plekvetica-logo\/\" \/>\n<meta property=\"og:site_name\" content=\"Plekvetica Merch Store\" \/>\n<meta property=\"article:modified_time\" content=\"2025-06-27T19:58:26+00:00\" \/>\n<meta property=\"og:image\" content=\"https:\/\/shop.plekvetica.ch\/wp-content\/uploads\/2024\/09\/Hoodie-Back_2.png\" \/>\n\t<meta property=\"og:image:width\" content=\"1337\" \/>\n\t<meta property=\"og:image:height\" content=\"1378\" \/>\n\t<meta property=\"og:image:type\" content=\"image\/png\" \/>\n<meta name=\"twitter:card\" content=\"summary_large_image\" \/>\n<meta name=\"twitter:label1\" content=\"Estimated reading time\" \/>\n\t<meta name=\"twitter:data1\" content=\"1 minute\" \/>\n<script type=\"application\/ld+json\" class=\"yoast-schema-graph\">{\"@context\":\"https:\\\/\\\/schema.org\",\"@graph\":[{\"@type\":\"WebPage\",\"@id\":\"https:\\\/\\\/shop.plekvetica.ch\\\/produkt\\\/muetze-unisex-mit-plekvetica-logo\\\/\",\"url\":\"https:\\\/\\\/shop.plekvetica.ch\\\/produkt\\\/muetze-unisex-mit-plekvetica-logo\\\/\",\"name\":\"M\u00fctze mit Plekvetica Logo - Plekvetica Merch Store\",\"isPartOf\":{\"@id\":\"https:\\\/\\\/shop.plekvetica.ch\\\/#website\"},\"primaryImageOfPage\":{\"@id\":\"https:\\\/\\\/shop.plekvetica.ch\\\/produkt\\\/muetze-unisex-mit-plekvetica-logo\\\/#primaryimage\"},\"image\":{\"@id\":\"https:\\\/\\\/shop.plekvetica.ch\\\/produkt\\\/muetze-unisex-mit-plekvetica-logo\\\/#primaryimage\"},\"thumbnailUrl\":\"https:\\\/\\\/shop.plekvetica.ch\\\/wp-content\\\/uploads\\\/2024\\\/09\\\/Hoodie-Back_2.png\",\"datePublished\":\"2024-09-23T09:48:21+00:00\",\"dateModified\":\"2025-06-27T19:58:26+00:00\",\"breadcrumb\":{\"@id\":\"https:\\\/\\\/shop.plekvetica.ch\\\/produkt\\\/muetze-unisex-mit-plekvetica-logo\\\/#breadcrumb\"},\"inLanguage\":\"en-GB\",\"potentialAction\":[{\"@type\":\"ReadAction\",\"target\":[\"https:\\\/\\\/shop.plekvetica.ch\\\/produkt\\\/muetze-unisex-mit-plekvetica-logo\\\/\"]}]},{\"@type\":\"ImageObject\",\"inLanguage\":\"en-GB\",\"@id\":\"https:\\\/\\\/shop.plekvetica.ch\\\/produkt\\\/muetze-unisex-mit-plekvetica-logo\\\/#primaryimage\",\"url\":\"https:\\\/\\\/shop.plekvetica.ch\\\/wp-content\\\/uploads\\\/2024\\\/09\\\/Hoodie-Back_2.png\",\"contentUrl\":\"https:\\\/\\\/shop.plekvetica.ch\\\/wp-content\\\/uploads\\\/2024\\\/09\\\/Hoodie-Back_2.png\",\"width\":1337,\"height\":1378},{\"@type\":\"BreadcrumbList\",\"@id\":\"https:\\\/\\\/shop.plekvetica.ch\\\/produkt\\\/muetze-unisex-mit-plekvetica-logo\\\/#breadcrumb\",\"itemListElement\":[{\"@type\":\"ListItem\",\"position\":1,\"name\":\"Startseite\",\"item\":\"https:\\\/\\\/shop.plekvetica.ch\\\/\"},{\"@type\":\"ListItem\",\"position\":2,\"name\":\"Shop\",\"item\":\"https:\\\/\\\/shop.plekvetica.ch\\\/shop\\\/\"},{\"@type\":\"ListItem\",\"position\":3,\"name\":\"M\u00fctze mit Plekvetica Logo\"}]},{\"@type\":\"WebSite\",\"@id\":\"https:\\\/\\\/shop.plekvetica.ch\\\/#website\",\"url\":\"https:\\\/\\\/shop.plekvetica.ch\\\/\",\"name\":\"Plekvetica Merch Store\",\"description\":\"Merch as Fuck!\",\"publisher\":{\"@id\":\"https:\\\/\\\/shop.plekvetica.ch\\\/#organization\"},\"potentialAction\":[{\"@type\":\"SearchAction\",\"target\":{\"@type\":\"EntryPoint\",\"urlTemplate\":\"https:\\\/\\\/shop.plekvetica.ch\\\/?s={search_term_string}\"},\"query-input\":{\"@type\":\"PropertyValueSpecification\",\"valueRequired\":true,\"valueName\":\"search_term_string\"}}],\"inLanguage\":\"en-GB\"},{\"@type\":\"Organization\",\"@id\":\"https:\\\/\\\/shop.plekvetica.ch\\\/#organization\",\"name\":\"Plekvetica Merch Store\",\"url\":\"https:\\\/\\\/shop.plekvetica.ch\\\/\",\"logo\":{\"@type\":\"ImageObject\",\"inLanguage\":\"en-GB\",\"@id\":\"https:\\\/\\\/shop.plekvetica.ch\\\/#\\\/schema\\\/logo\\\/image\\\/\",\"url\":\"https:\\\/\\\/shop.plekvetica.ch\\\/wp-content\\\/uploads\\\/2024\\\/09\\\/Plek-Font-Logo_small.png\",\"contentUrl\":\"https:\\\/\\\/shop.plekvetica.ch\\\/wp-content\\\/uploads\\\/2024\\\/09\\\/Plek-Font-Logo_small.png\",\"width\":450,\"height\":96,\"caption\":\"Plekvetica Merch Store\"},\"image\":{\"@id\":\"https:\\\/\\\/shop.plekvetica.ch\\\/#\\\/schema\\\/logo\\\/image\\\/\"}}]}<\/script>\n<!-- \/ Yoast SEO plugin. -->","yoast_head_json":{"title":"M\u00fctze mit Plekvetica Logo - Plekvetica Merch Store","robots":{"index":"index","follow":"follow","max-snippet":"max-snippet:-1","max-image-preview":"max-image-preview:large","max-video-preview":"max-video-preview:-1"},"canonical":"https:\/\/shop.plekvetica.ch\/en\/product\/muetze-unisex-mit-plekvetica-logo\/","og_locale":"en_GB","og_type":"article","og_title":"M\u00fctze mit Plekvetica Logo - Plekvetica Merch Store","og_description":"M\u00fctze \/ Rapcap aus 100 % Baumwolle mit gesticktem Plekvetica Logo F\u00fcnf-Panel-Schnitt mit verst\u00e4rktem Frontpanel und gestickten Luftl\u00f6cher. Unisex, Gr\u00f6\u00dfe verstellbar durch Kunststoffverschluss. Abnehmbarer Aufkleber auf dem Schirm Hinweis: Beim Bild handelt es sich um ein Mockup. Das fertige Produkt kann vom hier gezeigte Produkt leicht abweichen.","og_url":"https:\/\/shop.plekvetica.ch\/en\/product\/muetze-unisex-mit-plekvetica-logo\/","og_site_name":"Plekvetica Merch Store","article_modified_time":"2025-06-27T19:58:26+00:00","og_image":[{"width":1337,"height":1378,"url":"https:\/\/shop.plekvetica.ch\/wp-content\/uploads\/2024\/09\/Hoodie-Back_2.png","type":"image\/png"}],"twitter_card":"summary_large_image","twitter_misc":{"Estimated reading time":"1 minute"},"schema":{"@context":"https:\/\/schema.org","@graph":[{"@type":"WebPage","@id":"https:\/\/shop.plekvetica.ch\/produkt\/muetze-unisex-mit-plekvetica-logo\/","url":"https:\/\/shop.plekvetica.ch\/produkt\/muetze-unisex-mit-plekvetica-logo\/","name":"M\u00fctze mit Plekvetica Logo - Plekvetica Merch Store","isPartOf":{"@id":"https:\/\/shop.plekvetica.ch\/#website"},"primaryImageOfPage":{"@id":"https:\/\/shop.plekvetica.ch\/produkt\/muetze-unisex-mit-plekvetica-logo\/#primaryimage"},"image":{"@id":"https:\/\/shop.plekvetica.ch\/produkt\/muetze-unisex-mit-plekvetica-logo\/#primaryimage"},"thumbnailUrl":"https:\/\/shop.plekvetica.ch\/wp-content\/uploads\/2024\/09\/Hoodie-Back_2.png","datePublished":"2024-09-23T09:48:21+00:00","dateModified":"2025-06-27T19:58:26+00:00","breadcrumb":{"@id":"https:\/\/shop.plekvetica.ch\/produkt\/muetze-unisex-mit-plekvetica-logo\/#breadcrumb"},"inLanguage":"en-GB","potentialAction":[{"@type":"ReadAction","target":["https:\/\/shop.plekvetica.ch\/produkt\/muetze-unisex-mit-plekvetica-logo\/"]}]},{"@type":"ImageObject","inLanguage":"en-GB","@id":"https:\/\/shop.plekvetica.ch\/produkt\/muetze-unisex-mit-plekvetica-logo\/#primaryimage","url":"https:\/\/shop.plekvetica.ch\/wp-content\/uploads\/2024\/09\/Hoodie-Back_2.png","contentUrl":"https:\/\/shop.plekvetica.ch\/wp-content\/uploads\/2024\/09\/Hoodie-Back_2.png","width":1337,"height":1378},{"@type":"BreadcrumbList","@id":"https:\/\/shop.plekvetica.ch\/produkt\/muetze-unisex-mit-plekvetica-logo\/#breadcrumb","itemListElement":[{"@type":"ListItem","position":1,"name":"Startseite","item":"https:\/\/shop.plekvetica.ch\/"},{"@type":"ListItem","position":2,"name":"Shop","item":"https:\/\/shop.plekvetica.ch\/shop\/"},{"@type":"ListItem","position":3,"name":"M\u00fctze mit Plekvetica Logo"}]},{"@type":"WebSite","@id":"https:\/\/shop.plekvetica.ch\/#website","url":"https:\/\/shop.plekvetica.ch\/","name":"Plekvetica Merch Store","description":"Merch as Fuck!","publisher":{"@id":"https:\/\/shop.plekvetica.ch\/#organization"},"potentialAction":[{"@type":"SearchAction","target":{"@type":"EntryPoint","urlTemplate":"https:\/\/shop.plekvetica.ch\/?s={search_term_string}"},"query-input":{"@type":"PropertyValueSpecification","valueRequired":true,"valueName":"search_term_string"}}],"inLanguage":"en-GB"},{"@type":"Organization","@id":"https:\/\/shop.plekvetica.ch\/#organization","name":"Plekvetica Merch Store","url":"https:\/\/shop.plekvetica.ch\/","logo":{"@type":"ImageObject","inLanguage":"en-GB","@id":"https:\/\/shop.plekvetica.ch\/#\/schema\/logo\/image\/","url":"https:\/\/shop.plekvetica.ch\/wp-content\/uploads\/2024\/09\/Plek-Font-Logo_small.png","contentUrl":"https:\/\/shop.plekvetica.ch\/wp-content\/uploads\/2024\/09\/Plek-Font-Logo_small.png","width":450,"height":96,"caption":"Plekvetica Merch Store"},"image":{"@id":"https:\/\/shop.plekvetica.ch\/#\/schema\/logo\/image\/"}}]}},"locations":[{"id":25,"name":"Finland","slug":"finland","quantity":"2"},{"id":24,"name":"Uebeschi","slug":"uebeschi","quantity":"23"}],"_links":{"self":[{"href":"https:\/\/shop.plekvetica.ch\/en\/wp-json\/wp\/v2\/product\/53","targetHints":{"allow":["GET"]}}],"collection":[{"href":"https:\/\/shop.plekvetica.ch\/en\/wp-json\/wp\/v2\/product"}],"about":[{"href":"https:\/\/shop.plekvetica.ch\/en\/wp-json\/wp\/v2\/types\/product"}],"replies":[{"embeddable":true,"href":"https:\/\/shop.plekvetica.ch\/en\/wp-json\/wp\/v2\/comments?post=53"}],"wp:featuredmedia":[{"embeddable":true,"href":"https:\/\/shop.plekvetica.ch\/en\/wp-json\/wp\/v2\/media\/154"}],"wp:attachment":[{"href":"https:\/\/shop.plekvetica.ch\/en\/wp-json\/wp\/v2\/media?parent=53"}],"wp:term":[{"taxonomy":"location","embeddable":true,"href":"https:\/\/shop.plekvetica.ch\/en\/wp-json\/wp\/v2\/location?post=53"},{"taxonomy":"product_brand","embeddable":true,"href":"https:\/\/shop.plekvetica.ch\/en\/wp-json\/wp\/v2\/product_brand?post=53"},{"taxonomy":"product_cat","embeddable":true,"href":"https:\/\/shop.plekvetica.ch\/en\/wp-json\/wp\/v2\/product_cat?post=53"},{"taxonomy":"product_tag","embeddable":true,"href":"https:\/\/shop.plekvetica.ch\/en\/wp-json\/wp\/v2\/product_tag?post=53"}],"curies":[{"name":"wp","href":"https:\/\/api.w.org\/{rel}","templated":true}]}}