{"id":49,"date":"2024-09-23T09:42:36","date_gmt":"2024-09-23T09:42:36","guid":{"rendered":"https:\/\/shop.plekvetica.ch\/?post_type=product&#038;p=49"},"modified":"2025-06-27T19:58:27","modified_gmt":"2025-06-27T19:58:27","slug":"zipper-hoodie-10-years-metal-as-fuck","status":"publish","type":"product","link":"https:\/\/shop.plekvetica.ch\/en\/product\/zipper-hoodie-10-years-metal-as-fuck\/","title":{"rendered":"Zipper Hoodie 10 Years Metal As Fuck"},"content":{"rendered":"<p>Our Hoodie for the 10 Year anniversary! An exclusive Design on a high quality Hoodie with Zip closure.<\/p>\n<p><strong>Hoodie:<\/strong><br \/>\nTerry, inner side combed<br \/>\n65 % Cotton, 35 % Polyester<\/p>\n<ul>\n<li>straight cut with side seams<\/li>\n<li>full-length cramp zipper<\/li>\n<li>Hood with inner lining, cord contractible<\/li>\n<li>Inner side of the collar is finished with a contrasting woven band<\/li>\n<li>patch kangaroo pocket<\/li>\n<li>bottom and sleeve cuffs with 2:2 rib knit with 5 % elastane addition<\/li>\n<li>Combed inside<\/li>\n<\/ul>\n<p><strong>Prints:<br \/>\n<\/strong>Front: 10 YEARS METAL AS FUCK Logo<br \/>\nRear: Plekvetica Logo with mountain and skulls<\/p>\n<p>Note: In the pictures it is a Mockup. The finished product can differ from the shown product.<\/p>","protected":false},"excerpt":{"rendered":"<p>Unser Hoodie zum 10 J\u00e4hrigen Jubil\u00e4um! Ein exklusives Design auf hochwertigem Hoodie mit Zip Verschluss. Hoodie: Terry, Innenseite gek\u00e4mmt 65 % Baumwolle, 35 % Polyester gerader Schnitt mit Seitenn\u00e4hten durchgehender Krampenrei\u00dfverschluss Kapuze mit Innenfutter, durch Kordel zusammenziehbar Innenseite des Kragens durch ein gewebtes Kontrastband vers\u00e4ubert aufgesetzte K\u00e4ngurutaschen unterer Rand und \u00c4rmelmanschetten aus 2:2 Rippstrick mit &#8230; <a title=\"Zipper Hoodie 10 Years Metal As Fuck\" class=\"read-more\" href=\"https:\/\/shop.plekvetica.ch\/en\/product\/zipper-hoodie-10-years-metal-as-fuck\/\" aria-label=\"Read more about Zipper Hoodie \u2013 10 Years Metal As Fuck\">Read more<\/a><\/p>","protected":false},"featured_media":36,"comment_status":"closed","ping_status":"closed","template":"","meta":[],"location":[25,24],"product_brand":[],"product_cat":[18],"product_tag":[],"class_list":{"0":"post-49","1":"product","2":"type-product","3":"status-publish","4":"has-post-thumbnail","6":"location-finland","7":"location-uebeschi","8":"product_cat-kleider","10":"first","11":"instock","12":"taxable","13":"shipping-taxable","14":"purchasable","15":"product-type-variable"},"exclude_global_add_ons":[],"addons":[],"yoast_head":"<!-- This site is optimized with the Yoast SEO plugin v27.3 - https:\/\/yoast.com\/product\/yoast-seo-wordpress\/ -->\n<title>Zipper Hoodie \u2013 10 Years Metal As Fuck - Plekvetica Merch Store<\/title>\n<meta name=\"robots\" content=\"index, follow, max-snippet:-1, max-image-preview:large, max-video-preview:-1\" \/>\n<link rel=\"canonical\" href=\"https:\/\/shop.plekvetica.ch\/en\/product\/zipper-hoodie-10-years-metal-as-fuck\/\" \/>\n<meta property=\"og:locale\" content=\"en_GB\" \/>\n<meta property=\"og:type\" content=\"article\" \/>\n<meta property=\"og:title\" content=\"Zipper Hoodie \u2013 10 Years Metal As Fuck - Plekvetica Merch Store\" \/>\n<meta property=\"og:description\" content=\"Unser Hoodie zum 10 J\u00e4hrigen Jubil\u00e4um! Ein exklusives Design auf hochwertigem Hoodie mit Zip Verschluss. Hoodie: Terry, Innenseite gek\u00e4mmt 65 % Baumwolle, 35 % Polyester gerader Schnitt mit Seitenn\u00e4hten durchgehender Krampenrei\u00dfverschluss Kapuze mit Innenfutter, durch Kordel zusammenziehbar Innenseite des Kragens durch ein gewebtes Kontrastband vers\u00e4ubert aufgesetzte K\u00e4ngurutaschen unterer Rand und \u00c4rmelmanschetten aus 2:2 Rippstrick mit ... Read more\" \/>\n<meta property=\"og:url\" content=\"https:\/\/shop.plekvetica.ch\/en\/product\/zipper-hoodie-10-years-metal-as-fuck\/\" \/>\n<meta property=\"og:site_name\" content=\"Plekvetica Merch Store\" \/>\n<meta property=\"article:modified_time\" content=\"2025-06-27T19:58:27+00:00\" \/>\n<meta property=\"og:image\" content=\"https:\/\/shop.plekvetica.ch\/wp-content\/uploads\/2024\/09\/Hoodie.png\" \/>\n\t<meta property=\"og:image:width\" content=\"1337\" \/>\n\t<meta property=\"og:image:height\" content=\"1378\" \/>\n\t<meta property=\"og:image:type\" content=\"image\/png\" \/>\n<meta name=\"twitter:card\" content=\"summary_large_image\" \/>\n<meta name=\"twitter:label1\" content=\"Estimated reading time\" \/>\n\t<meta name=\"twitter:data1\" content=\"1 minute\" \/>\n<script type=\"application\/ld+json\" class=\"yoast-schema-graph\">{\"@context\":\"https:\\\/\\\/schema.org\",\"@graph\":[{\"@type\":\"WebPage\",\"@id\":\"https:\\\/\\\/shop.plekvetica.ch\\\/produkt\\\/zipper-hoodie-10-years-metal-as-fuck\\\/\",\"url\":\"https:\\\/\\\/shop.plekvetica.ch\\\/produkt\\\/zipper-hoodie-10-years-metal-as-fuck\\\/\",\"name\":\"Zipper Hoodie \u2013 10 Years Metal As Fuck - Plekvetica Merch Store\",\"isPartOf\":{\"@id\":\"https:\\\/\\\/shop.plekvetica.ch\\\/#website\"},\"primaryImageOfPage\":{\"@id\":\"https:\\\/\\\/shop.plekvetica.ch\\\/produkt\\\/zipper-hoodie-10-years-metal-as-fuck\\\/#primaryimage\"},\"image\":{\"@id\":\"https:\\\/\\\/shop.plekvetica.ch\\\/produkt\\\/zipper-hoodie-10-years-metal-as-fuck\\\/#primaryimage\"},\"thumbnailUrl\":\"https:\\\/\\\/shop.plekvetica.ch\\\/wp-content\\\/uploads\\\/2024\\\/09\\\/Hoodie.png\",\"datePublished\":\"2024-09-23T09:42:36+00:00\",\"dateModified\":\"2025-06-27T19:58:27+00:00\",\"breadcrumb\":{\"@id\":\"https:\\\/\\\/shop.plekvetica.ch\\\/produkt\\\/zipper-hoodie-10-years-metal-as-fuck\\\/#breadcrumb\"},\"inLanguage\":\"en-GB\",\"potentialAction\":[{\"@type\":\"ReadAction\",\"target\":[\"https:\\\/\\\/shop.plekvetica.ch\\\/produkt\\\/zipper-hoodie-10-years-metal-as-fuck\\\/\"]}]},{\"@type\":\"ImageObject\",\"inLanguage\":\"en-GB\",\"@id\":\"https:\\\/\\\/shop.plekvetica.ch\\\/produkt\\\/zipper-hoodie-10-years-metal-as-fuck\\\/#primaryimage\",\"url\":\"https:\\\/\\\/shop.plekvetica.ch\\\/wp-content\\\/uploads\\\/2024\\\/09\\\/Hoodie.png\",\"contentUrl\":\"https:\\\/\\\/shop.plekvetica.ch\\\/wp-content\\\/uploads\\\/2024\\\/09\\\/Hoodie.png\",\"width\":1337,\"height\":1378},{\"@type\":\"BreadcrumbList\",\"@id\":\"https:\\\/\\\/shop.plekvetica.ch\\\/produkt\\\/zipper-hoodie-10-years-metal-as-fuck\\\/#breadcrumb\",\"itemListElement\":[{\"@type\":\"ListItem\",\"position\":1,\"name\":\"Startseite\",\"item\":\"https:\\\/\\\/shop.plekvetica.ch\\\/\"},{\"@type\":\"ListItem\",\"position\":2,\"name\":\"Shop\",\"item\":\"https:\\\/\\\/shop.plekvetica.ch\\\/shop\\\/\"},{\"@type\":\"ListItem\",\"position\":3,\"name\":\"Zipper Hoodie \u2013 10 Years Metal As Fuck\"}]},{\"@type\":\"WebSite\",\"@id\":\"https:\\\/\\\/shop.plekvetica.ch\\\/#website\",\"url\":\"https:\\\/\\\/shop.plekvetica.ch\\\/\",\"name\":\"Plekvetica Merch Store\",\"description\":\"Merch as Fuck!\",\"publisher\":{\"@id\":\"https:\\\/\\\/shop.plekvetica.ch\\\/#organization\"},\"potentialAction\":[{\"@type\":\"SearchAction\",\"target\":{\"@type\":\"EntryPoint\",\"urlTemplate\":\"https:\\\/\\\/shop.plekvetica.ch\\\/?s={search_term_string}\"},\"query-input\":{\"@type\":\"PropertyValueSpecification\",\"valueRequired\":true,\"valueName\":\"search_term_string\"}}],\"inLanguage\":\"en-GB\"},{\"@type\":\"Organization\",\"@id\":\"https:\\\/\\\/shop.plekvetica.ch\\\/#organization\",\"name\":\"Plekvetica Merch Store\",\"url\":\"https:\\\/\\\/shop.plekvetica.ch\\\/\",\"logo\":{\"@type\":\"ImageObject\",\"inLanguage\":\"en-GB\",\"@id\":\"https:\\\/\\\/shop.plekvetica.ch\\\/#\\\/schema\\\/logo\\\/image\\\/\",\"url\":\"https:\\\/\\\/shop.plekvetica.ch\\\/wp-content\\\/uploads\\\/2024\\\/09\\\/Plek-Font-Logo_small.png\",\"contentUrl\":\"https:\\\/\\\/shop.plekvetica.ch\\\/wp-content\\\/uploads\\\/2024\\\/09\\\/Plek-Font-Logo_small.png\",\"width\":450,\"height\":96,\"caption\":\"Plekvetica Merch Store\"},\"image\":{\"@id\":\"https:\\\/\\\/shop.plekvetica.ch\\\/#\\\/schema\\\/logo\\\/image\\\/\"}}]}<\/script>\n<!-- \/ Yoast SEO plugin. -->","yoast_head_json":{"title":"Zipper Hoodie \u2013 10 Years Metal As Fuck - Plekvetica Merch Store","robots":{"index":"index","follow":"follow","max-snippet":"max-snippet:-1","max-image-preview":"max-image-preview:large","max-video-preview":"max-video-preview:-1"},"canonical":"https:\/\/shop.plekvetica.ch\/en\/product\/zipper-hoodie-10-years-metal-as-fuck\/","og_locale":"en_GB","og_type":"article","og_title":"Zipper Hoodie \u2013 10 Years Metal As Fuck - Plekvetica Merch Store","og_description":"Unser Hoodie zum 10 J\u00e4hrigen Jubil\u00e4um! Ein exklusives Design auf hochwertigem Hoodie mit Zip Verschluss. Hoodie: Terry, Innenseite gek\u00e4mmt 65 % Baumwolle, 35 % Polyester gerader Schnitt mit Seitenn\u00e4hten durchgehender Krampenrei\u00dfverschluss Kapuze mit Innenfutter, durch Kordel zusammenziehbar Innenseite des Kragens durch ein gewebtes Kontrastband vers\u00e4ubert aufgesetzte K\u00e4ngurutaschen unterer Rand und \u00c4rmelmanschetten aus 2:2 Rippstrick mit ... Read more","og_url":"https:\/\/shop.plekvetica.ch\/en\/product\/zipper-hoodie-10-years-metal-as-fuck\/","og_site_name":"Plekvetica Merch Store","article_modified_time":"2025-06-27T19:58:27+00:00","og_image":[{"width":1337,"height":1378,"url":"https:\/\/shop.plekvetica.ch\/wp-content\/uploads\/2024\/09\/Hoodie.png","type":"image\/png"}],"twitter_card":"summary_large_image","twitter_misc":{"Estimated reading time":"1 minute"},"schema":{"@context":"https:\/\/schema.org","@graph":[{"@type":"WebPage","@id":"https:\/\/shop.plekvetica.ch\/produkt\/zipper-hoodie-10-years-metal-as-fuck\/","url":"https:\/\/shop.plekvetica.ch\/produkt\/zipper-hoodie-10-years-metal-as-fuck\/","name":"Zipper Hoodie \u2013 10 Years Metal As Fuck - Plekvetica Merch Store","isPartOf":{"@id":"https:\/\/shop.plekvetica.ch\/#website"},"primaryImageOfPage":{"@id":"https:\/\/shop.plekvetica.ch\/produkt\/zipper-hoodie-10-years-metal-as-fuck\/#primaryimage"},"image":{"@id":"https:\/\/shop.plekvetica.ch\/produkt\/zipper-hoodie-10-years-metal-as-fuck\/#primaryimage"},"thumbnailUrl":"https:\/\/shop.plekvetica.ch\/wp-content\/uploads\/2024\/09\/Hoodie.png","datePublished":"2024-09-23T09:42:36+00:00","dateModified":"2025-06-27T19:58:27+00:00","breadcrumb":{"@id":"https:\/\/shop.plekvetica.ch\/produkt\/zipper-hoodie-10-years-metal-as-fuck\/#breadcrumb"},"inLanguage":"en-GB","potentialAction":[{"@type":"ReadAction","target":["https:\/\/shop.plekvetica.ch\/produkt\/zipper-hoodie-10-years-metal-as-fuck\/"]}]},{"@type":"ImageObject","inLanguage":"en-GB","@id":"https:\/\/shop.plekvetica.ch\/produkt\/zipper-hoodie-10-years-metal-as-fuck\/#primaryimage","url":"https:\/\/shop.plekvetica.ch\/wp-content\/uploads\/2024\/09\/Hoodie.png","contentUrl":"https:\/\/shop.plekvetica.ch\/wp-content\/uploads\/2024\/09\/Hoodie.png","width":1337,"height":1378},{"@type":"BreadcrumbList","@id":"https:\/\/shop.plekvetica.ch\/produkt\/zipper-hoodie-10-years-metal-as-fuck\/#breadcrumb","itemListElement":[{"@type":"ListItem","position":1,"name":"Startseite","item":"https:\/\/shop.plekvetica.ch\/"},{"@type":"ListItem","position":2,"name":"Shop","item":"https:\/\/shop.plekvetica.ch\/shop\/"},{"@type":"ListItem","position":3,"name":"Zipper Hoodie \u2013 10 Years Metal As Fuck"}]},{"@type":"WebSite","@id":"https:\/\/shop.plekvetica.ch\/#website","url":"https:\/\/shop.plekvetica.ch\/","name":"Plekvetica Merch Store","description":"Merch as Fuck!","publisher":{"@id":"https:\/\/shop.plekvetica.ch\/#organization"},"potentialAction":[{"@type":"SearchAction","target":{"@type":"EntryPoint","urlTemplate":"https:\/\/shop.plekvetica.ch\/?s={search_term_string}"},"query-input":{"@type":"PropertyValueSpecification","valueRequired":true,"valueName":"search_term_string"}}],"inLanguage":"en-GB"},{"@type":"Organization","@id":"https:\/\/shop.plekvetica.ch\/#organization","name":"Plekvetica Merch Store","url":"https:\/\/shop.plekvetica.ch\/","logo":{"@type":"ImageObject","inLanguage":"en-GB","@id":"https:\/\/shop.plekvetica.ch\/#\/schema\/logo\/image\/","url":"https:\/\/shop.plekvetica.ch\/wp-content\/uploads\/2024\/09\/Plek-Font-Logo_small.png","contentUrl":"https:\/\/shop.plekvetica.ch\/wp-content\/uploads\/2024\/09\/Plek-Font-Logo_small.png","width":450,"height":96,"caption":"Plekvetica Merch Store"},"image":{"@id":"https:\/\/shop.plekvetica.ch\/#\/schema\/logo\/image\/"}}]}},"locations":[{"id":25,"name":"Finland","slug":"finland","quantity":""},{"id":24,"name":"Uebeschi","slug":"uebeschi","quantity":""}],"_links":{"self":[{"href":"https:\/\/shop.plekvetica.ch\/en\/wp-json\/wp\/v2\/product\/49","targetHints":{"allow":["GET"]}}],"collection":[{"href":"https:\/\/shop.plekvetica.ch\/en\/wp-json\/wp\/v2\/product"}],"about":[{"href":"https:\/\/shop.plekvetica.ch\/en\/wp-json\/wp\/v2\/types\/product"}],"replies":[{"embeddable":true,"href":"https:\/\/shop.plekvetica.ch\/en\/wp-json\/wp\/v2\/comments?post=49"}],"wp:featuredmedia":[{"embeddable":true,"href":"https:\/\/shop.plekvetica.ch\/en\/wp-json\/wp\/v2\/media\/36"}],"wp:attachment":[{"href":"https:\/\/shop.plekvetica.ch\/en\/wp-json\/wp\/v2\/media?parent=49"}],"wp:term":[{"taxonomy":"location","embeddable":true,"href":"https:\/\/shop.plekvetica.ch\/en\/wp-json\/wp\/v2\/location?post=49"},{"taxonomy":"product_brand","embeddable":true,"href":"https:\/\/shop.plekvetica.ch\/en\/wp-json\/wp\/v2\/product_brand?post=49"},{"taxonomy":"product_cat","embeddable":true,"href":"https:\/\/shop.plekvetica.ch\/en\/wp-json\/wp\/v2\/product_cat?post=49"},{"taxonomy":"product_tag","embeddable":true,"href":"https:\/\/shop.plekvetica.ch\/en\/wp-json\/wp\/v2\/product_tag?post=49"}],"curies":[{"name":"wp","href":"https:\/\/api.w.org\/{rel}","templated":true}]}}