{"id":232,"date":"2024-10-05T07:19:10","date_gmt":"2024-10-05T07:19:10","guid":{"rendered":"https:\/\/shop.plekvetica.ch\/?page_id=232"},"modified":"2024-10-05T08:16:01","modified_gmt":"2024-10-05T08:16:01","slug":"allgemeine-geschaeftsbedingungen","status":"publish","type":"page","link":"https:\/\/shop.plekvetica.ch\/en\/allgemeine-geschaeftsbedingungen\/","title":{"rendered":"General Terms And Conditions"},"content":{"rendered":"<ol class=\"wp-block-list\"><li>Zustandekommen des Vertrages<\/li><\/ol><p>Die Angebote des Online-Shops sind unverbindlich. Mit dem Anklicken des Bestell-Buttons erkl\u00e4rt der Nutzer verbindlich gegen\u00fcber dem Anbieter, den Inhalt des Warenkorbes erwerben zu wollen.<br>Der Anbieter nimmt den Auftrag an, indem er dem Nutzer eine Auftragsbest\u00e4tigung per E-Mail \u00fcbermittelt. Mit ihr ist der Vertrag zustande gekommen.<\/p><ol start=\"2\" class=\"wp-block-list\"><li>Informationspflichten<\/li><\/ol><p>2.1 Der Nutzer ist bei der Bestellung verpflichtet, wahrheitsgem\u00e4\u00dfe Angaben zu machen. Sofern sich Daten des Kunden \u00e4ndern, insbesondere Name, Anschrift, und eMail-Adresse ist der Nutzer verpflichtet, dem Anbieter diese \u00c4nderung unverz\u00fcglich im Kundenbereich des Online-Shops zu \u00e4ndern.<\/p><p>2.2 Unterl\u00e4\u00dft der Nutzer diese Information oder gibt er von vornherein falsche Daten, insbesondere eine falsche eMail-Adresse an, so kann der Anbieter, soweit ein Vertrag zustande gekommen ist, vom Vertrag zur\u00fccktreten.<br>Der R\u00fccktritt wird schriftlich erkl\u00e4rt. Die Schriftform ist auch durch Absenden einer eMail gewahrt.<\/p><p>2.3 Der Anbieter sendet dem Kunden unmittelbar nach Abschlu\u00df des Vertrages eine eMail mit den Kundeninformationen an die bei der Bestellung vom Nutzer angegebenen eMail-Adresse.<\/p><p>2.4 Der Nutzer verpflichtet sich, den Anbieter unverz\u00fcglich unter info@plekvetica.ch zu informieren, wenn diese eMail ihn nicht innerhalb von 4 Stunden nach Abschlu\u00df des Vertrages erreicht hat.<\/p><p>2.5 Der Kunde hat daf\u00fcr Sorge zu tragen, das von ihm angegebene eMail-Konto ab dem Zeitpunkt der Angabe erreichbar ist, und nicht aufgrund von Weiterleitung, Stillegung oder \u00dcberf\u00fcllung des eMail-Kontos ein Empfang von eMail-Nachrichten ausgeschlossen ist.<\/p><p>2.6 Die Fehlerhaftigkeit der Angaben wird vermutet, wenn eine an den Nutzer gerichtete eMail dreimal hintereinander zur\u00fcckkommt, oder die Leistung aufgrund fehlerhafter Anschrift nicht erbracht werden kann.<\/p><ol start=\"3\" class=\"wp-block-list\"><li>Preise<\/li><\/ol><p>3.1 Sonderangebote sind g\u00fcltig solange der Vorrat reicht. Zwischenverkauf vorbehalten.<\/p><ol start=\"4\" class=\"wp-block-list\"><li>Datenschutz<\/li><\/ol><p>4.1 Kundendaten werden ausschlie\u00dflich f\u00fcr die Abwicklung der Bestellung gespeichert und verwendet.<br>Grundlage hierf\u00fcr sind die einschl\u00e4gigen Datenschutzbestimmungen des Datenschutzgesetzes und des Teledienstedatenschutzgesetzes.<\/p><p>4.2 Zus\u00e4tzliche Serviceleistungen (Kundenkonto, Newsletter) erfordern aufgrund der genannten Gesetze die Zustimmung des Nutzers.<\/p><p>4.3 Registrierte Kunden (Kundenkonto): Der Nutzer ist verpflichtet, Benutzerkennwort und Pa\u00dfwort sorgf\u00e4ltig aufzubewahren und so zu behandeln, da\u00df ein Verlust ausgeschlossen ist und Dritte keine Kenntnis davon erlangen k\u00f6nnen.<br>Bei Verlust des Pa\u00dfwortes ist der Nutzer verpflichtet, den Anbieter unverz\u00fcglich zu informieren. Das kann auch per eMail geschehen.<br>Der Anbieter wird den Zugang des Nutzers zum pa\u00dfwortgesch\u00fctzten Bereich unverz\u00fcglich nach Eingang der Mitteilung sperren.<br>Die Aufhebung der Sperre ist erst nach schriftlichem Antrag des Nutzers beim Anbieter m\u00f6glich.<br>Die m\u00f6gliche Neuregistrierung des Nutzers bleibt davon unber\u00fchrt. Hat ein Dritter aufgrund unsorgsamer Behandlung des Pa\u00dfwortes Kenntnis vom Benutzerkennwort und\/ oder Pa\u00dfwort erhalten, so haftet der Nutzer f\u00fcr die unter diesem Benutzerkennwort und Pa\u00dfwort get\u00e4tigten Bestellungen bis zum Zeitpunkt des Einganges der Verlustmeldung in voller H\u00f6he.<\/p><ol start=\"5\" class=\"wp-block-list\"><li>Widerrufs-\/R\u00fcckgaberecht\/Stornierungen<\/li><\/ol><p>5.1 Bei falscher oder nicht gewollter Bestellung muss der Nutzer den Anbieter innerhalb von einer Stunde per Email oder Telefon benachrichtigen, ansonsten ist der Auftrag verbindlich.<br>Das heisst ausdr\u00fccklich, dass der Nutzer sich verpflichtet hat (verbindlicher Kaufvertrag), die bestellten Waren zu bezahlen und anzunehmen.<\/p><p>5.2 Im Falle der Aus\u00fcbung des R\u00fcckgaberechts, tr\u00e4gt der Kunde (Nutzer) die Kosten der R\u00fccksendung. Der Kunde verpflichtet sich, die Ware innerhalb von 3 Tagen nach Aus\u00fcbung des R\u00fcckgaberecht versichert zur\u00fcckzusenden.<\/p><ol start=\"6\" class=\"wp-block-list\"><li>Lieferung der Waren, Erbringung von Dienstleistungen<\/li><\/ol><p>6.1 Die Bestellung wird unverz\u00fcglich, sp\u00e4testens jedoch am darauf folgenden Arbeitstag nach ihrem Eingang beim Anbieter bearbeitet.<\/p><p>6.2 Mit der \u00dcbergabe der Waren an das Lieferunternehmen hat der Anbieter seine Leistungspflicht erbracht und geht die Gefahr auf den Nutzer \u00fcber. Transportiert wird auf Rechnung und Gefahr des Nutzer.<br>Der Anbieter w\u00e4hlt indessen die jeweils zweckm\u00e4ssigste und sicherste Versandart. Sendungen werden nur auf Wunsch des Nutzers zus\u00e4tzlich Versichert.<br>Beanstandungen und Schadenf\u00e4lle beim Versand sind direkt an den Transporteur zu richten. Der Anbieter kann in diesen F\u00e4llen nur als Inormationsquelle dienen, ist aber zu keiner Handlung ausserhalb seiner Leistungspflicht verpflichtet.<\/p><p>6.3 Unkosten bei retournierter Ware wegen Adressfehlern oder Unklarheiten sind vom K\u00e4ufer zu tragen.<\/p><p>6.4 Bei Sendungen ins Ausland ist eine kontakt Telefonnummer zwingend.<\/p><p>6.5 Erbringt der Anbieter ohne Begr\u00fcndung die versprochenen Dienstleistung nicht innert 4 Wochen ab Abschluss des Vertrages, so kann der Nutzer vom Vertrag zur\u00fccktreten.<\/p><p>6.6 Der Anbieter beh\u00e4lt sich vor, im Falle der Nichtverf\u00fcgbarkeit der vertragsgem\u00e4\u00dfen Leistung eine in Qualit\u00e4t und Preis gleichwertige Leistung (Ware oder Dienstleistung) zu erbringen.<\/p><p>6.7 Ist eine Erbringung einer preislich und qualitativ gleichwertigen Leistung nicht m\u00f6glich, so kann der Anbieter sich vom Vertrag l\u00f6sen und braucht die versprochene Leistung nicht zu erbringen.<br>Der Anbieter verpflichtet sich in diesem Falle, den Nutzer unverz\u00fcglich \u00fcber die Nichtverf\u00fcgbarkeit zu informieren und eine gegebenenfalls bereits erbrachte Gegenleistung des Nutzers unverz\u00fcglich zur\u00fcckzuerstatten.<\/p><p>6.8 F\u00fcr Produkte, welche mit \u201cVerf\u00fcgbar bei Nachbestellung\u201d bezeichnet sind, kann kein Lieferdatum garantiert werden. Die voraussichtliche Lieferzeit sind der Produktbeschreibung zu entnehmen.<\/p><ol start=\"7\" class=\"wp-block-list\"><li>Zollinformation<\/li><\/ol><p>7.1 Jedes Produkt das in ein Land ausserhalb der Schweiz versendet wird, ist Zollpflichtig.<br>Jegliche Zollgeb\u00fchren und Einfuhrsteuern werden vom K\u00e4ufer \u00fcbernommen.<br>Es ist verantwortung des K\u00e4ufer sich \u00fcber Landesspezifische Zollgeb\u00fchren und Einfuhrbestimmungen zu informmieren.<\/p><ol start=\"8\" class=\"wp-block-list\"><li>Verpackungs- und Versandkosten<\/li><\/ol><p>8.1 Die Kosten f\u00fcr die Verpackung \u00fcbernimmt der Anbieter.<\/p><p>8.2 Versandkosten werden nach Gewicht verrechnet und gehen zu lasten des Nutzer. \u00dcber Versandkosten wird nicht Verhandelt. Sammelsendungen sind nur nach Absprache und nicht bei allen Produkten m\u00f6glich.<br>Teillieferungen sind nur in bestimmten F\u00e4llen m\u00f6glich und bed\u00fcrfen der Zahlung zus\u00e4tzlicher Versandkosten.<\/p><ol start=\"9\" class=\"wp-block-list\"><li>Zahlung<\/li><\/ol><p>9.1 Der Kaufpreis oder Verg\u00fctung ist sofort f\u00e4llig, soweit nichts anderes vereinbart ist.<\/p><p>9.2 Sendungen per Nachnahme sind nicht m\u00f6glich. <\/p><p>9.3 Die Bezahlung auf Rechnung ist nicht m\u00f6glich.<\/p><ol start=\"10\" class=\"wp-block-list\"><li>Eigentumsvorbehalt<\/li><\/ol><p>Die gelieferte Ware bleibt bis zur vollst\u00e4ndigen Zahlung des Kaufpreises Eigentum des Anbieters.<\/p><ol start=\"11\" class=\"wp-block-list\"><li>Gew\u00e4hrleistung<\/li><\/ol><p>11.1. Der Nutzer ist verpflichtet, die erhaltene Ware sofort auf offensichtliche Fehler zu \u00fcberpr\u00fcfen. Stellt er offensichtliche Fehler fest, so hat er das unverz\u00fcglich gegen\u00fcber dem Anbieter mitzuteilen.<br>Unterl\u00e4\u00dft er das, so kann er gegen\u00fcber dem Anbieter keine Gew\u00e4hrleistungsanspr\u00fcche wegen dieser Fehler mehr geltend machen.<\/p><p>11.2 Der Anbieter haftet nicht f\u00fcr Fehler, deren Auftreten durch den Nutzer verursacht wurden. Zum Beispiel, durch falsche Bedienung des Produktes. Das gilt auch f\u00fcr gew\u00f6hnliche Abnutzungserscheinungen.<\/p><p>11.3 Im Falle eines Mangels der Ware ist der Anbieter nach seiner Wahl zur Nachlieferung oder Nachbesserung berechtigt.<\/p><ol start=\"12\" class=\"wp-block-list\"><li>Haftung<\/li><\/ol><p>12.1 Eine Zusicherung von Eigenschaften f\u00fcr Waren oder Dienstleistungen besteht nicht. Die Beschreibung der Waren und Dienstleistungen stellen keine Zusicherung von Eigenschaften dar.<\/p><p>12.2 Alle Anstrengungen wurden unternommen um die Genauigkeit der in der Artikel Beschreibung aufgef\u00fchrten Informationen sicherzustellen.<br>plekvetica.ch kann weder die Genauigkeit der Produktspezifikationen noch die Beschreibung\/Bilder des dargestellten Produktes garantieren.<br>Weder plekvetica.ch noch ihre Produktangabenlieferanten sind f\u00fcr allf\u00e4llige Konsequenzen, Vorf\u00e4lle oder Sch\u00e4den verantwortlich, die aus den dargestellten Informationen resultieren.<\/p><p>12.3 Alle Bilder und Artikel\/Produkt-Beschreibungen die in diesem Online-Shop ver\u00f6ffentlicht werden, sind Eigentum des jeweiligen Herstellers\/Vertreter der Marke.<\/p><ol start=\"13\" class=\"wp-block-list\"><li>Anwendbares Recht<\/li><\/ol><p>Es gilt das Schweizer Recht.<\/p><ol start=\"14\" class=\"wp-block-list\"><li>Abweichende Bedingungen des Kunden<\/li><\/ol><p>F\u00fcr den Fall, da\u00df der Kunde eigene Allgemeine Gesch\u00e4ftsbedingungen verwendet, die von diesen Allgemeinen Gesch\u00e4ftsbedingungen inhaltlich abweichen, gelten<br>ausschlie\u00dflich die Allgemeinen Gesch\u00e4ftsbedingungen des Anbieters.<\/p><p><\/p>","protected":false},"excerpt":{"rendered":"<p>Die Angebote des Online-Shops sind unverbindlich. Mit dem Anklicken des Bestell-Buttons erkl\u00e4rt der Nutzer verbindlich gegen\u00fcber dem Anbieter, den Inhalt des Warenkorbes erwerben zu wollen.Der Anbieter nimmt den Auftrag an, indem er dem Nutzer eine Auftragsbest\u00e4tigung per E-Mail \u00fcbermittelt. Mit ihr ist der Vertrag zustande gekommen. 2.1 Der Nutzer ist bei der Bestellung verpflichtet, wahrheitsgem\u00e4\u00dfe &#8230; <a title=\"General Terms And Conditions\" class=\"read-more\" href=\"https:\/\/shop.plekvetica.ch\/en\/allgemeine-geschaeftsbedingungen\/\" aria-label=\"Read more about Allgemeine Gesch\u00e4ftsbedingungen\">Read more<\/a><\/p>","protected":false},"author":1,"featured_media":0,"parent":0,"menu_order":0,"comment_status":"closed","ping_status":"closed","template":"","meta":{"footnotes":""},"class_list":["post-232","page","type-page","status-publish"],"yoast_head":"<!-- This site is optimized with the Yoast SEO plugin v27.3 - https:\/\/yoast.com\/product\/yoast-seo-wordpress\/ -->\n<title>Allgemeine Gesch\u00e4ftsbedingungen - Plekvetica Merch Store<\/title>\n<meta name=\"robots\" content=\"index, follow, max-snippet:-1, max-image-preview:large, max-video-preview:-1\" \/>\n<link rel=\"canonical\" href=\"https:\/\/shop.plekvetica.ch\/en\/allgemeine-geschaeftsbedingungen\/\" \/>\n<meta property=\"og:locale\" content=\"en_GB\" \/>\n<meta property=\"og:type\" content=\"article\" \/>\n<meta property=\"og:title\" content=\"Allgemeine Gesch\u00e4ftsbedingungen - Plekvetica Merch Store\" \/>\n<meta property=\"og:description\" content=\"Die Angebote des Online-Shops sind unverbindlich. Mit dem Anklicken des Bestell-Buttons erkl\u00e4rt der Nutzer verbindlich gegen\u00fcber dem Anbieter, den Inhalt des Warenkorbes erwerben zu wollen.Der Anbieter nimmt den Auftrag an, indem er dem Nutzer eine Auftragsbest\u00e4tigung per E-Mail \u00fcbermittelt. Mit ihr ist der Vertrag zustande gekommen. 2.1 Der Nutzer ist bei der Bestellung verpflichtet, wahrheitsgem\u00e4\u00dfe ... Read more\" \/>\n<meta property=\"og:url\" content=\"https:\/\/shop.plekvetica.ch\/en\/allgemeine-geschaeftsbedingungen\/\" \/>\n<meta property=\"og:site_name\" content=\"Plekvetica Merch Store\" \/>\n<meta property=\"article:modified_time\" content=\"2024-10-05T08:16:01+00:00\" \/>\n<meta name=\"twitter:card\" content=\"summary_large_image\" \/>\n<meta name=\"twitter:label1\" content=\"Estimated reading time\" \/>\n\t<meta name=\"twitter:data1\" content=\"7 minutes\" \/>\n<script type=\"application\/ld+json\" class=\"yoast-schema-graph\">{\"@context\":\"https:\\\/\\\/schema.org\",\"@graph\":[{\"@type\":\"WebPage\",\"@id\":\"https:\\\/\\\/shop.plekvetica.ch\\\/allgemeine-geschaeftsbedingungen\\\/\",\"url\":\"https:\\\/\\\/shop.plekvetica.ch\\\/allgemeine-geschaeftsbedingungen\\\/\",\"name\":\"Allgemeine Gesch\u00e4ftsbedingungen - Plekvetica Merch Store\",\"isPartOf\":{\"@id\":\"https:\\\/\\\/shop.plekvetica.ch\\\/#website\"},\"datePublished\":\"2024-10-05T07:19:10+00:00\",\"dateModified\":\"2024-10-05T08:16:01+00:00\",\"breadcrumb\":{\"@id\":\"https:\\\/\\\/shop.plekvetica.ch\\\/allgemeine-geschaeftsbedingungen\\\/#breadcrumb\"},\"inLanguage\":\"en-GB\",\"potentialAction\":[{\"@type\":\"ReadAction\",\"target\":[\"https:\\\/\\\/shop.plekvetica.ch\\\/allgemeine-geschaeftsbedingungen\\\/\"]}]},{\"@type\":\"BreadcrumbList\",\"@id\":\"https:\\\/\\\/shop.plekvetica.ch\\\/allgemeine-geschaeftsbedingungen\\\/#breadcrumb\",\"itemListElement\":[{\"@type\":\"ListItem\",\"position\":1,\"name\":\"Startseite\",\"item\":\"https:\\\/\\\/shop.plekvetica.ch\\\/\"},{\"@type\":\"ListItem\",\"position\":2,\"name\":\"Allgemeine Gesch\u00e4ftsbedingungen\"}]},{\"@type\":\"WebSite\",\"@id\":\"https:\\\/\\\/shop.plekvetica.ch\\\/#website\",\"url\":\"https:\\\/\\\/shop.plekvetica.ch\\\/\",\"name\":\"Plekvetica Merch Store\",\"description\":\"Merch as Fuck!\",\"publisher\":{\"@id\":\"https:\\\/\\\/shop.plekvetica.ch\\\/#organization\"},\"potentialAction\":[{\"@type\":\"SearchAction\",\"target\":{\"@type\":\"EntryPoint\",\"urlTemplate\":\"https:\\\/\\\/shop.plekvetica.ch\\\/?s={search_term_string}\"},\"query-input\":{\"@type\":\"PropertyValueSpecification\",\"valueRequired\":true,\"valueName\":\"search_term_string\"}}],\"inLanguage\":\"en-GB\"},{\"@type\":\"Organization\",\"@id\":\"https:\\\/\\\/shop.plekvetica.ch\\\/#organization\",\"name\":\"Plekvetica Merch Store\",\"url\":\"https:\\\/\\\/shop.plekvetica.ch\\\/\",\"logo\":{\"@type\":\"ImageObject\",\"inLanguage\":\"en-GB\",\"@id\":\"https:\\\/\\\/shop.plekvetica.ch\\\/#\\\/schema\\\/logo\\\/image\\\/\",\"url\":\"https:\\\/\\\/shop.plekvetica.ch\\\/wp-content\\\/uploads\\\/2024\\\/09\\\/Plek-Font-Logo_small.png\",\"contentUrl\":\"https:\\\/\\\/shop.plekvetica.ch\\\/wp-content\\\/uploads\\\/2024\\\/09\\\/Plek-Font-Logo_small.png\",\"width\":450,\"height\":96,\"caption\":\"Plekvetica Merch Store\"},\"image\":{\"@id\":\"https:\\\/\\\/shop.plekvetica.ch\\\/#\\\/schema\\\/logo\\\/image\\\/\"}}]}<\/script>\n<!-- \/ Yoast SEO plugin. -->","yoast_head_json":{"title":"Allgemeine Gesch\u00e4ftsbedingungen - Plekvetica Merch Store","robots":{"index":"index","follow":"follow","max-snippet":"max-snippet:-1","max-image-preview":"max-image-preview:large","max-video-preview":"max-video-preview:-1"},"canonical":"https:\/\/shop.plekvetica.ch\/en\/allgemeine-geschaeftsbedingungen\/","og_locale":"en_GB","og_type":"article","og_title":"Allgemeine Gesch\u00e4ftsbedingungen - Plekvetica Merch Store","og_description":"Die Angebote des Online-Shops sind unverbindlich. Mit dem Anklicken des Bestell-Buttons erkl\u00e4rt der Nutzer verbindlich gegen\u00fcber dem Anbieter, den Inhalt des Warenkorbes erwerben zu wollen.Der Anbieter nimmt den Auftrag an, indem er dem Nutzer eine Auftragsbest\u00e4tigung per E-Mail \u00fcbermittelt. Mit ihr ist der Vertrag zustande gekommen. 2.1 Der Nutzer ist bei der Bestellung verpflichtet, wahrheitsgem\u00e4\u00dfe ... Read more","og_url":"https:\/\/shop.plekvetica.ch\/en\/allgemeine-geschaeftsbedingungen\/","og_site_name":"Plekvetica Merch Store","article_modified_time":"2024-10-05T08:16:01+00:00","twitter_card":"summary_large_image","twitter_misc":{"Estimated reading time":"7 minutes"},"schema":{"@context":"https:\/\/schema.org","@graph":[{"@type":"WebPage","@id":"https:\/\/shop.plekvetica.ch\/allgemeine-geschaeftsbedingungen\/","url":"https:\/\/shop.plekvetica.ch\/allgemeine-geschaeftsbedingungen\/","name":"Allgemeine Gesch\u00e4ftsbedingungen - Plekvetica Merch Store","isPartOf":{"@id":"https:\/\/shop.plekvetica.ch\/#website"},"datePublished":"2024-10-05T07:19:10+00:00","dateModified":"2024-10-05T08:16:01+00:00","breadcrumb":{"@id":"https:\/\/shop.plekvetica.ch\/allgemeine-geschaeftsbedingungen\/#breadcrumb"},"inLanguage":"en-GB","potentialAction":[{"@type":"ReadAction","target":["https:\/\/shop.plekvetica.ch\/allgemeine-geschaeftsbedingungen\/"]}]},{"@type":"BreadcrumbList","@id":"https:\/\/shop.plekvetica.ch\/allgemeine-geschaeftsbedingungen\/#breadcrumb","itemListElement":[{"@type":"ListItem","position":1,"name":"Startseite","item":"https:\/\/shop.plekvetica.ch\/"},{"@type":"ListItem","position":2,"name":"Allgemeine Gesch\u00e4ftsbedingungen"}]},{"@type":"WebSite","@id":"https:\/\/shop.plekvetica.ch\/#website","url":"https:\/\/shop.plekvetica.ch\/","name":"Plekvetica Merch Store","description":"Merch as Fuck!","publisher":{"@id":"https:\/\/shop.plekvetica.ch\/#organization"},"potentialAction":[{"@type":"SearchAction","target":{"@type":"EntryPoint","urlTemplate":"https:\/\/shop.plekvetica.ch\/?s={search_term_string}"},"query-input":{"@type":"PropertyValueSpecification","valueRequired":true,"valueName":"search_term_string"}}],"inLanguage":"en-GB"},{"@type":"Organization","@id":"https:\/\/shop.plekvetica.ch\/#organization","name":"Plekvetica Merch Store","url":"https:\/\/shop.plekvetica.ch\/","logo":{"@type":"ImageObject","inLanguage":"en-GB","@id":"https:\/\/shop.plekvetica.ch\/#\/schema\/logo\/image\/","url":"https:\/\/shop.plekvetica.ch\/wp-content\/uploads\/2024\/09\/Plek-Font-Logo_small.png","contentUrl":"https:\/\/shop.plekvetica.ch\/wp-content\/uploads\/2024\/09\/Plek-Font-Logo_small.png","width":450,"height":96,"caption":"Plekvetica Merch Store"},"image":{"@id":"https:\/\/shop.plekvetica.ch\/#\/schema\/logo\/image\/"}}]}},"_links":{"self":[{"href":"https:\/\/shop.plekvetica.ch\/en\/wp-json\/wp\/v2\/pages\/232","targetHints":{"allow":["GET"]}}],"collection":[{"href":"https:\/\/shop.plekvetica.ch\/en\/wp-json\/wp\/v2\/pages"}],"about":[{"href":"https:\/\/shop.plekvetica.ch\/en\/wp-json\/wp\/v2\/types\/page"}],"author":[{"embeddable":true,"href":"https:\/\/shop.plekvetica.ch\/en\/wp-json\/wp\/v2\/users\/1"}],"replies":[{"embeddable":true,"href":"https:\/\/shop.plekvetica.ch\/en\/wp-json\/wp\/v2\/comments?post=232"}],"version-history":[{"count":2,"href":"https:\/\/shop.plekvetica.ch\/en\/wp-json\/wp\/v2\/pages\/232\/revisions"}],"predecessor-version":[{"id":257,"href":"https:\/\/shop.plekvetica.ch\/en\/wp-json\/wp\/v2\/pages\/232\/revisions\/257"}],"wp:attachment":[{"href":"https:\/\/shop.plekvetica.ch\/en\/wp-json\/wp\/v2\/media?parent=232"}],"curies":[{"name":"wp","href":"https:\/\/api.w.org\/{rel}","templated":true}]}}