{"id":135,"date":"2024-10-04T11:42:35","date_gmt":"2024-10-04T11:42:35","guid":{"rendered":"https:\/\/shop.plekvetica.ch\/?page_id=135"},"modified":"2024-10-04T11:42:37","modified_gmt":"2024-10-04T11:42:37","slug":"impressum","status":"publish","type":"page","link":"https:\/\/shop.plekvetica.ch\/en\/impressum\/","title":{"rendered":"Imprint"},"content":{"rendered":"<p><strong>Verantwortliche Instanz:<\/strong><br>Dan&#8217;s Art GmbH<br>Lischen 75a<br>3635 Uebeschi<br>Schweiz<br><strong>E-Mail<\/strong>: info@plekvetica.ch<\/p><p><strong>Vertretungsberechtigte Personen<\/strong><br>Daniel Spycher<\/p><p><strong>Name des Unternehmens<\/strong>: Dan&#8217;s Art GmbH<br><strong>Registrationsnummer<\/strong>: CHE-489.537.657<\/p><p><strong>Haftungsausschluss<\/strong><br>Der Autor \u00fcbernimmt keine Gew\u00e4hr f\u00fcr die Richtigkeit, Genauigkeit, Aktualit\u00e4t, Zuverl\u00e4ssigkeit und Vollst\u00e4ndigkeit der Informationen.<br>Haftungsanspr\u00fcche gegen den Autor wegen Sch\u00e4den materieller oder immaterieller Art, die aus dem Zugriff oder der Nutzung bzw. Nichtnutzung der ver\u00f6ffentlichten Informationen, durch Missbrauch der Verbindung oder durch technische St\u00f6rungen entstanden sind, werden ausgeschlossen.<\/p><p>Alle Angebote sind freibleibend. Der Autor beh\u00e4lt es sich ausdr\u00fccklich vor, Teile der Seiten oder das gesamte Angebot ohne gesonderte Ank\u00fcndigung zu ver\u00e4ndern, zu erg\u00e4nzen, zu l\u00f6schen oder die Ver\u00f6ffentlichung zeitweise oder endg\u00fcltig einzustellen.<\/p><p><strong>Haftungsausschluss f\u00fcr Inhalte und Links<\/strong><br>Verweise und Links auf Webseiten Dritter liegen ausserhalb unseres Verantwortungsbereichs. Es wird jegliche Verantwortung f\u00fcr solche Webseiten abgelehnt. Der Zugriff und die Nutzung solcher Webseiten erfolgen auf eigene Gefahr des jeweiligen Nutzers.<\/p><p><strong>Urheberrechtserkl\u00e4rung<\/strong><br>Die Urheber- und alle anderen Rechte an Inhalten, Bildern, Fotos oder anderen Dateien auf dieser Website, geh\u00f6ren ausschliesslich Dan&#8217;s Art GmbH oder den speziell genannten Rechteinhabern. F\u00fcr die Reproduktion jeglicher Elemente ist die schriftliche Zustimmung des Urheberrechtstr\u00e4gers im Voraus einzuholen.<\/p><p><strong>Quelle<\/strong>: <a href=\"https:\/\/brainbox.swiss\/\">BrainBox Solutions<\/a><\/p>","protected":false},"excerpt":{"rendered":"<p>Verantwortliche Instanz:Dan&#8217;s Art GmbHLischen 75a3635 UebeschiSchweizE-Mail: info@plekvetica.ch Vertretungsberechtigte PersonenDaniel Spycher Name des Unternehmens: Dan&#8217;s Art GmbHRegistrationsnummer: CHE-489.537.657 HaftungsausschlussDer Autor \u00fcbernimmt keine Gew\u00e4hr f\u00fcr die Richtigkeit, Genauigkeit, Aktualit\u00e4t, Zuverl\u00e4ssigkeit und Vollst\u00e4ndigkeit der Informationen.Haftungsanspr\u00fcche gegen den Autor wegen Sch\u00e4den materieller oder immaterieller Art, die aus dem Zugriff oder der Nutzung bzw. Nichtnutzung der ver\u00f6ffentlichten Informationen, durch Missbrauch &#8230; <a title=\"Imprint\" class=\"read-more\" href=\"https:\/\/shop.plekvetica.ch\/en\/impressum\/\" aria-label=\"Read more about Impressum\">Read more<\/a><\/p>","protected":false},"author":1,"featured_media":0,"parent":0,"menu_order":0,"comment_status":"closed","ping_status":"closed","template":"","meta":{"footnotes":""},"class_list":["post-135","page","type-page","status-publish"],"yoast_head":"<!-- This site is optimized with the Yoast SEO plugin v27.3 - https:\/\/yoast.com\/product\/yoast-seo-wordpress\/ -->\n<title>Impressum - Plekvetica Merch Store<\/title>\n<meta name=\"robots\" content=\"index, follow, max-snippet:-1, max-image-preview:large, max-video-preview:-1\" \/>\n<link rel=\"canonical\" href=\"https:\/\/shop.plekvetica.ch\/en\/impressum\/\" \/>\n<meta property=\"og:locale\" content=\"en_GB\" \/>\n<meta property=\"og:type\" content=\"article\" \/>\n<meta property=\"og:title\" content=\"Impressum - Plekvetica Merch Store\" \/>\n<meta property=\"og:description\" content=\"Verantwortliche Instanz:Dan&#8217;s Art GmbHLischen 75a3635 UebeschiSchweizE-Mail: info@plekvetica.ch Vertretungsberechtigte PersonenDaniel Spycher Name des Unternehmens: Dan&#8217;s Art GmbHRegistrationsnummer: CHE-489.537.657 HaftungsausschlussDer Autor \u00fcbernimmt keine Gew\u00e4hr f\u00fcr die Richtigkeit, Genauigkeit, Aktualit\u00e4t, Zuverl\u00e4ssigkeit und Vollst\u00e4ndigkeit der Informationen.Haftungsanspr\u00fcche gegen den Autor wegen Sch\u00e4den materieller oder immaterieller Art, die aus dem Zugriff oder der Nutzung bzw. Nichtnutzung der ver\u00f6ffentlichten Informationen, durch Missbrauch ... Read more\" \/>\n<meta property=\"og:url\" content=\"https:\/\/shop.plekvetica.ch\/en\/impressum\/\" \/>\n<meta property=\"og:site_name\" content=\"Plekvetica Merch Store\" \/>\n<meta property=\"article:modified_time\" content=\"2024-10-04T11:42:37+00:00\" \/>\n<meta name=\"twitter:card\" content=\"summary_large_image\" \/>\n<meta name=\"twitter:label1\" content=\"Estimated reading time\" \/>\n\t<meta name=\"twitter:data1\" content=\"2 minutes\" \/>\n<script type=\"application\/ld+json\" class=\"yoast-schema-graph\">{\"@context\":\"https:\\\/\\\/schema.org\",\"@graph\":[{\"@type\":\"WebPage\",\"@id\":\"https:\\\/\\\/shop.plekvetica.ch\\\/impressum\\\/\",\"url\":\"https:\\\/\\\/shop.plekvetica.ch\\\/impressum\\\/\",\"name\":\"Impressum - Plekvetica Merch Store\",\"isPartOf\":{\"@id\":\"https:\\\/\\\/shop.plekvetica.ch\\\/#website\"},\"datePublished\":\"2024-10-04T11:42:35+00:00\",\"dateModified\":\"2024-10-04T11:42:37+00:00\",\"breadcrumb\":{\"@id\":\"https:\\\/\\\/shop.plekvetica.ch\\\/impressum\\\/#breadcrumb\"},\"inLanguage\":\"en-GB\",\"potentialAction\":[{\"@type\":\"ReadAction\",\"target\":[\"https:\\\/\\\/shop.plekvetica.ch\\\/impressum\\\/\"]}]},{\"@type\":\"BreadcrumbList\",\"@id\":\"https:\\\/\\\/shop.plekvetica.ch\\\/impressum\\\/#breadcrumb\",\"itemListElement\":[{\"@type\":\"ListItem\",\"position\":1,\"name\":\"Startseite\",\"item\":\"https:\\\/\\\/shop.plekvetica.ch\\\/\"},{\"@type\":\"ListItem\",\"position\":2,\"name\":\"Impressum\"}]},{\"@type\":\"WebSite\",\"@id\":\"https:\\\/\\\/shop.plekvetica.ch\\\/#website\",\"url\":\"https:\\\/\\\/shop.plekvetica.ch\\\/\",\"name\":\"Plekvetica Merch Store\",\"description\":\"Merch as Fuck!\",\"publisher\":{\"@id\":\"https:\\\/\\\/shop.plekvetica.ch\\\/#organization\"},\"potentialAction\":[{\"@type\":\"SearchAction\",\"target\":{\"@type\":\"EntryPoint\",\"urlTemplate\":\"https:\\\/\\\/shop.plekvetica.ch\\\/?s={search_term_string}\"},\"query-input\":{\"@type\":\"PropertyValueSpecification\",\"valueRequired\":true,\"valueName\":\"search_term_string\"}}],\"inLanguage\":\"en-GB\"},{\"@type\":\"Organization\",\"@id\":\"https:\\\/\\\/shop.plekvetica.ch\\\/#organization\",\"name\":\"Plekvetica Merch Store\",\"url\":\"https:\\\/\\\/shop.plekvetica.ch\\\/\",\"logo\":{\"@type\":\"ImageObject\",\"inLanguage\":\"en-GB\",\"@id\":\"https:\\\/\\\/shop.plekvetica.ch\\\/#\\\/schema\\\/logo\\\/image\\\/\",\"url\":\"https:\\\/\\\/shop.plekvetica.ch\\\/wp-content\\\/uploads\\\/2024\\\/09\\\/Plek-Font-Logo_small.png\",\"contentUrl\":\"https:\\\/\\\/shop.plekvetica.ch\\\/wp-content\\\/uploads\\\/2024\\\/09\\\/Plek-Font-Logo_small.png\",\"width\":450,\"height\":96,\"caption\":\"Plekvetica Merch Store\"},\"image\":{\"@id\":\"https:\\\/\\\/shop.plekvetica.ch\\\/#\\\/schema\\\/logo\\\/image\\\/\"}}]}<\/script>\n<!-- \/ Yoast SEO plugin. -->","yoast_head_json":{"title":"Impressum - Plekvetica Merch Store","robots":{"index":"index","follow":"follow","max-snippet":"max-snippet:-1","max-image-preview":"max-image-preview:large","max-video-preview":"max-video-preview:-1"},"canonical":"https:\/\/shop.plekvetica.ch\/en\/impressum\/","og_locale":"en_GB","og_type":"article","og_title":"Impressum - Plekvetica Merch Store","og_description":"Verantwortliche Instanz:Dan&#8217;s Art GmbHLischen 75a3635 UebeschiSchweizE-Mail: info@plekvetica.ch Vertretungsberechtigte PersonenDaniel Spycher Name des Unternehmens: Dan&#8217;s Art GmbHRegistrationsnummer: CHE-489.537.657 HaftungsausschlussDer Autor \u00fcbernimmt keine Gew\u00e4hr f\u00fcr die Richtigkeit, Genauigkeit, Aktualit\u00e4t, Zuverl\u00e4ssigkeit und Vollst\u00e4ndigkeit der Informationen.Haftungsanspr\u00fcche gegen den Autor wegen Sch\u00e4den materieller oder immaterieller Art, die aus dem Zugriff oder der Nutzung bzw. Nichtnutzung der ver\u00f6ffentlichten Informationen, durch Missbrauch ... Read more","og_url":"https:\/\/shop.plekvetica.ch\/en\/impressum\/","og_site_name":"Plekvetica Merch Store","article_modified_time":"2024-10-04T11:42:37+00:00","twitter_card":"summary_large_image","twitter_misc":{"Estimated reading time":"2 minutes"},"schema":{"@context":"https:\/\/schema.org","@graph":[{"@type":"WebPage","@id":"https:\/\/shop.plekvetica.ch\/impressum\/","url":"https:\/\/shop.plekvetica.ch\/impressum\/","name":"Impressum - Plekvetica Merch Store","isPartOf":{"@id":"https:\/\/shop.plekvetica.ch\/#website"},"datePublished":"2024-10-04T11:42:35+00:00","dateModified":"2024-10-04T11:42:37+00:00","breadcrumb":{"@id":"https:\/\/shop.plekvetica.ch\/impressum\/#breadcrumb"},"inLanguage":"en-GB","potentialAction":[{"@type":"ReadAction","target":["https:\/\/shop.plekvetica.ch\/impressum\/"]}]},{"@type":"BreadcrumbList","@id":"https:\/\/shop.plekvetica.ch\/impressum\/#breadcrumb","itemListElement":[{"@type":"ListItem","position":1,"name":"Startseite","item":"https:\/\/shop.plekvetica.ch\/"},{"@type":"ListItem","position":2,"name":"Impressum"}]},{"@type":"WebSite","@id":"https:\/\/shop.plekvetica.ch\/#website","url":"https:\/\/shop.plekvetica.ch\/","name":"Plekvetica Merch Store","description":"Merch as Fuck!","publisher":{"@id":"https:\/\/shop.plekvetica.ch\/#organization"},"potentialAction":[{"@type":"SearchAction","target":{"@type":"EntryPoint","urlTemplate":"https:\/\/shop.plekvetica.ch\/?s={search_term_string}"},"query-input":{"@type":"PropertyValueSpecification","valueRequired":true,"valueName":"search_term_string"}}],"inLanguage":"en-GB"},{"@type":"Organization","@id":"https:\/\/shop.plekvetica.ch\/#organization","name":"Plekvetica Merch Store","url":"https:\/\/shop.plekvetica.ch\/","logo":{"@type":"ImageObject","inLanguage":"en-GB","@id":"https:\/\/shop.plekvetica.ch\/#\/schema\/logo\/image\/","url":"https:\/\/shop.plekvetica.ch\/wp-content\/uploads\/2024\/09\/Plek-Font-Logo_small.png","contentUrl":"https:\/\/shop.plekvetica.ch\/wp-content\/uploads\/2024\/09\/Plek-Font-Logo_small.png","width":450,"height":96,"caption":"Plekvetica Merch Store"},"image":{"@id":"https:\/\/shop.plekvetica.ch\/#\/schema\/logo\/image\/"}}]}},"_links":{"self":[{"href":"https:\/\/shop.plekvetica.ch\/en\/wp-json\/wp\/v2\/pages\/135","targetHints":{"allow":["GET"]}}],"collection":[{"href":"https:\/\/shop.plekvetica.ch\/en\/wp-json\/wp\/v2\/pages"}],"about":[{"href":"https:\/\/shop.plekvetica.ch\/en\/wp-json\/wp\/v2\/types\/page"}],"author":[{"embeddable":true,"href":"https:\/\/shop.plekvetica.ch\/en\/wp-json\/wp\/v2\/users\/1"}],"replies":[{"embeddable":true,"href":"https:\/\/shop.plekvetica.ch\/en\/wp-json\/wp\/v2\/comments?post=135"}],"version-history":[{"count":1,"href":"https:\/\/shop.plekvetica.ch\/en\/wp-json\/wp\/v2\/pages\/135\/revisions"}],"predecessor-version":[{"id":136,"href":"https:\/\/shop.plekvetica.ch\/en\/wp-json\/wp\/v2\/pages\/135\/revisions\/136"}],"wp:attachment":[{"href":"https:\/\/shop.plekvetica.ch\/en\/wp-json\/wp\/v2\/media?parent=135"}],"curies":[{"name":"wp","href":"https:\/\/api.w.org\/{rel}","templated":true}]}}